{"id":25267,"date":"2021-01-29T06:07:03","date_gmt":"2021-01-29T09:07:03","guid":{"rendered":"https:\/\/neurodisfuncao.med.br\/?page_id=25267"},"modified":"2022-02-04T16:49:08","modified_gmt":"2022-02-04T19:49:08","slug":"contato","status":"publish","type":"page","link":"https:\/\/neurodisfuncao.med.br\/?page_id=25267","title":{"rendered":"Contato"},"content":{"rendered":"\n<div class=\"wp-block-cover alignfull\" style=\"min-height:550px;aspect-ratio:unset;\"><span aria-hidden=\"true\" class=\"has-background-dim-0 wp-block-cover__gradient-background has-background-dim\" style=\"background-color:#1e2731\"><\/span><img loading=\"lazy\" decoding=\"async\" width=\"2736\" height=\"1824\" class=\"wp-block-cover__image-background wp-image-26807\" alt=\"\" src=\"https:\/\/neurodisfuncao.med.br\/wp-content\/uploads\/2022\/02\/contato.png\" style=\"object-position:34% 42%\" data-object-fit=\"cover\" data-object-position=\"34% 42%\" srcset=\"https:\/\/neurodisfuncao.med.br\/wp-content\/uploads\/2022\/02\/contato.png 2736w, https:\/\/neurodisfuncao.med.br\/wp-content\/uploads\/2022\/02\/contato-300x200.png 300w, https:\/\/neurodisfuncao.med.br\/wp-content\/uploads\/2022\/02\/contato-1024x683.png 1024w, https:\/\/neurodisfuncao.med.br\/wp-content\/uploads\/2022\/02\/contato-768x512.png 768w, https:\/\/neurodisfuncao.med.br\/wp-content\/uploads\/2022\/02\/contato-1536x1024.png 1536w, https:\/\/neurodisfuncao.med.br\/wp-content\/uploads\/2022\/02\/contato-2048x1365.png 2048w\" sizes=\"auto, (max-width: 2736px) 100vw, 2736px\" \/><div class=\"wp-block-cover__inner-container is-layout-flow wp-block-cover-is-layout-flow\">\n<p class=\"has-text-align-center\">Entre em contato.<\/p>\n\n\n\n<h1 class=\"has-text-align-center wp-block-heading\" id=\"neurodisfuncao-pelvica\">Neurodisfun\u00e7\u00e3o P\u00e9lvica<\/h1>\n\n\n\n<hr class=\"wp-block-separator aligncenter has-text-color has-background has-white-background-color has-white-color\"\/>\n<\/div><\/div>\n\n\n\n<div class=\"wp-block-group alignwide is-layout-flow wp-block-group-is-layout-flow\">\n<div class=\"wp-block-cover is-light\" style=\"min-height:195px;aspect-ratio:unset;\"><span aria-hidden=\"true\" class=\"has-background-dim-100 wp-block-cover__gradient-background has-background-dim\" style=\"background-color:#ef7d00\"><\/span><div class=\"wp-block-cover__inner-container is-layout-flow wp-block-cover-is-layout-flow\">\n<h3 class=\"has-text-align-center wp-block-heading\" id=\"consultorio-particular\"><mark style=\"background-color:rgba(0, 0, 0, 0)\" class=\"has-inline-color has-white-color\">Consult\u00f3rio Particular<\/mark><\/h3>\n\n\n\n<p class=\"has-text-align-center has-white-color has-text-color\">INCREASING (Instituto de Cuidados, Reabilita\u00e7\u00e3o e Assist\u00eancia em Neuropelveologia e Ginecologia)<\/p>\n<\/div><\/div>\n\n\n\n<div class=\"wp-block-columns alignwide is-layout-flex wp-container-core-columns-is-layout-28f84493 wp-block-columns-is-layout-flex\">\n<div class=\"wp-block-column is-layout-flow wp-block-column-is-layout-flow\">\n<div class=\"wp-block-image\"><figure class=\"aligncenter size-large is-resized\"><img loading=\"lazy\" decoding=\"async\" src=\"https:\/\/neurodisfuncaopelv.med.br\/wp-content\/uploads\/2021\/04\/tel-1.png\" alt=\"\" class=\"wp-image-25735\" width=\"60\" height=\"60\" srcset=\"https:\/\/neurodisfuncao.med.br\/wp-content\/uploads\/2021\/04\/tel-1.png 200w, https:\/\/neurodisfuncao.med.br\/wp-content\/uploads\/2021\/04\/tel-1-150x150.png 150w\" sizes=\"auto, (max-width: 60px) 100vw, 60px\" \/><\/figure><\/div>\n\n\n\n<h4 class=\"has-text-align-center wp-block-heading\" id=\"tel\">TEL<\/h4>\n\n\n\n<p class=\"has-text-align-center\"><a href=\"tel:+55 (11) 3938-6188\">+ (11) 3938-6188<\/a><\/p>\n\n\n\n<p class=\"has-text-align-center\"><a href=\"http:\/\/api.whatsapp.com\/send?1=pt_BR&amp;phone=5511981020372\">Whatsapp: (11) 98102-0372<\/a><\/p>\n<\/div>\n\n\n\n<div class=\"wp-block-column is-layout-flow wp-block-column-is-layout-flow\">\n<div class=\"wp-block-image\"><figure class=\"aligncenter size-large is-resized\"><img loading=\"lazy\" decoding=\"async\" src=\"http:\/\/neurodisfuncaopelv.med.br\/wp-content\/uploads\/2021\/04\/map.png\" alt=\"\" class=\"wp-image-25727\" width=\"60\" height=\"60\" srcset=\"https:\/\/neurodisfuncao.med.br\/wp-content\/uploads\/2021\/04\/map.png 200w, https:\/\/neurodisfuncao.med.br\/wp-content\/uploads\/2021\/04\/map-150x150.png 150w\" sizes=\"auto, (max-width: 60px) 100vw, 60px\" \/><\/figure><\/div>\n\n\n\n<h4 class=\"has-text-align-center wp-block-heading\" id=\"endereco\">ENDERE\u00c7O<\/h4>\n\n\n\n<p class=\"has-text-align-center\"><a href=\"https:\/\/goo.gl\/maps\/9dgFrqA7i5RK927VA\" target=\"_blank\" rel=\"noreferrer noopener\">Rua Dr. Bacelar, 227<\/a><\/p>\n\n\n\n<p class=\"has-text-align-center\"><a href=\"https:\/\/goo.gl\/maps\/9dgFrqA7i5RK927VA\" target=\"_blank\" rel=\"noreferrer noopener\">S\u00e3o Paulo &#8211; SP &#8211; CEP 04026-000<\/a><\/p>\n<\/div>\n\n\n\n<div class=\"wp-block-column is-layout-flow wp-block-column-is-layout-flow\">\n<div class=\"wp-block-image\"><figure class=\"aligncenter size-large is-resized\"><img loading=\"lazy\" decoding=\"async\" src=\"http:\/\/neurodisfuncaopelv.med.br\/wp-content\/uploads\/2021\/04\/mail.png\" alt=\"\" class=\"wp-image-25728\" width=\"60\" height=\"60\" srcset=\"https:\/\/neurodisfuncao.med.br\/wp-content\/uploads\/2021\/04\/mail.png 200w, https:\/\/neurodisfuncao.med.br\/wp-content\/uploads\/2021\/04\/mail-150x150.png 150w\" sizes=\"auto, (max-width: 60px) 100vw, 60px\" \/><\/figure><\/div>\n\n\n\n<h4 class=\"has-text-align-center wp-block-heading\" id=\"email\">EMAIL<\/h4>\n\n\n\n<p class=\"has-text-align-center\"><a href=\"mailto:contato@increasing.com.br\" target=\"_blank\" rel=\"noreferrer noopener\">contato@increasing.com.br<\/a><\/p>\n\n\n\n<p class=\"has-text-align-center\"><a href=\"mailto:recepcao@increasing.com.br\" target=\"_blank\" rel=\"noreferrer noopener\">recepcao@increasing.com.br<\/a><\/p>\n<\/div>\n\n\n\n<div class=\"wp-block-column is-layout-flow wp-block-column-is-layout-flow\">\n<div class=\"wp-block-image\"><figure class=\"aligncenter size-large is-resized\"><img loading=\"lazy\" decoding=\"async\" src=\"http:\/\/neurodisfuncaopelv.med.br\/wp-content\/uploads\/2021\/04\/site.png\" alt=\"\" class=\"wp-image-25733\" width=\"60\" height=\"60\" srcset=\"https:\/\/neurodisfuncao.med.br\/wp-content\/uploads\/2021\/04\/site.png 200w, https:\/\/neurodisfuncao.med.br\/wp-content\/uploads\/2021\/04\/site-150x150.png 150w\" sizes=\"auto, (max-width: 60px) 100vw, 60px\" \/><\/figure><\/div>\n\n\n\n<h4 class=\"has-text-align-center wp-block-heading\" id=\"site\">SITE<\/h4>\n\n\n\n<p class=\"has-text-align-center\"><a href=\"https:\/\/www.increasing.com.br\/\" target=\"_blank\" rel=\"noreferrer noopener\">increasing.com.br<\/a><\/p>\n\n\n\n<p class=\"has-text-align-center\"><\/p>\n<\/div>\n<\/div>\n\n\n\n<div class=\"wp-block-cover\" style=\"min-height:195px;aspect-ratio:unset;\"><span aria-hidden=\"true\" class=\"has-background-dim-90 wp-block-cover__gradient-background has-background-dim\" style=\"background-color:#1e2731\"><\/span><div class=\"wp-block-cover__inner-container is-layout-flow wp-block-cover-is-layout-flow\">\n<h3 class=\"has-text-align-center wp-block-heading\" id=\"atendimento-pelo-sus-sistema-unico-de-saude\"><mark style=\"background-color:rgba(0, 0, 0, 0)\" class=\"has-inline-color has-white-color\">Atendimento pelo SUS (Sistema \u00danico de Sa\u00fade)<\/mark><\/h3>\n\n\n\n<p class=\"has-text-align-center has-white-color has-text-color\">(Ambulat\u00f3rio de Neurodisfun\u00e7\u00f5es P\u00e9lvicas da UNIFESP)<\/p>\n<\/div><\/div>\n\n\n\n<div class=\"wp-block-columns alignwide is-layout-flex wp-container-core-columns-is-layout-28f84493 wp-block-columns-is-layout-flex\">\n<div class=\"wp-block-column is-layout-flow wp-block-column-is-layout-flow\">\n<div class=\"wp-block-image\"><figure class=\"aligncenter size-large is-resized\"><img loading=\"lazy\" decoding=\"async\" src=\"https:\/\/neurodisfuncaopelv.med.br\/wp-content\/uploads\/2021\/04\/tel-1.png\" alt=\"\" class=\"wp-image-25735\" width=\"60\" height=\"60\" srcset=\"https:\/\/neurodisfuncao.med.br\/wp-content\/uploads\/2021\/04\/tel-1.png 200w, https:\/\/neurodisfuncao.med.br\/wp-content\/uploads\/2021\/04\/tel-1-150x150.png 150w\" sizes=\"auto, (max-width: 60px) 100vw, 60px\" \/><\/figure><\/div>\n\n\n\n<h4 class=\"has-text-align-center wp-block-heading\" id=\"tel\">TEL<\/h4>\n\n\n\n<p class=\"has-text-align-center\"><a href=\"TEL: +55 11 5576-4848\">+ (11) 5576-4848<\/a><\/p>\n\n\n\n<p class=\"has-text-align-center\"><\/p>\n<\/div>\n\n\n\n<div class=\"wp-block-column is-layout-flow wp-block-column-is-layout-flow\">\n<div class=\"wp-block-image\"><figure class=\"aligncenter size-large is-resized\"><img loading=\"lazy\" decoding=\"async\" src=\"http:\/\/neurodisfuncaopelv.med.br\/wp-content\/uploads\/2021\/04\/map.png\" alt=\"\" class=\"wp-image-25727\" width=\"60\" height=\"60\" srcset=\"https:\/\/neurodisfuncao.med.br\/wp-content\/uploads\/2021\/04\/map.png 200w, https:\/\/neurodisfuncao.med.br\/wp-content\/uploads\/2021\/04\/map-150x150.png 150w\" sizes=\"auto, (max-width: 60px) 100vw, 60px\" \/><\/figure><\/div>\n\n\n\n<h4 class=\"has-text-align-center wp-block-heading\" id=\"endereco\">ENDERE\u00c7O<\/h4>\n\n\n\n<p class=\"has-text-align-center\"><a href=\"https:\/\/neurodisfuncao.med.br\/?page_id=25267\" target=\"_blank\" rel=\"noreferrer noopener\">Rua Botucatu, N 821, 6\u00ba andar<\/a><\/p>\n\n\n\n<p class=\"has-text-align-center\"><a href=\"https:\/\/neurodisfuncao.med.br\/?page_id=25267\" target=\"_blank\" rel=\"noreferrer noopener\">S\u00e3o Paulo &#8211; SP &#8211; CEP 04039-001<\/a><\/p>\n<\/div>\n<\/div>\n<\/div>\n\n\n\n<div class=\"wp-block-cover alignfull\" style=\"min-height:972px;aspect-ratio:unset;\"><span aria-hidden=\"true\" class=\"has-background-dim-100 wp-block-cover__gradient-background has-background-dim\" style=\"background-color:#1e2731\"><\/span><div class=\"wp-block-cover__inner-container is-layout-flow wp-block-cover-is-layout-flow\">\n<div class=\"wp-block-columns alignwide are-vertically-aligned-center is-layout-flex wp-container-core-columns-is-layout-28f84493 wp-block-columns-is-layout-flex\">\n<div class=\"wp-block-column is-vertically-aligned-center is-layout-flow wp-block-column-is-layout-flow\">\n<h2 class=\"has-white-color has-text-color wp-block-heading\" id=\"envie-uma-mensagem\">Envie uma mensagem<\/h2>\n\n\n\n<div class=\"wp-block-contact-form-7-contact-form-selector\">[contact-form-7 id=&#8221;26701&#8243; title=&#8221;Formul\u00e1rio de Contato&#8221;]<\/div>\n<\/div>\n\n\n\n<div class=\"wp-block-column is-vertically-aligned-center is-layout-flow wp-block-column-is-layout-flow\">\n<h2 class=\"has-white-color has-text-color wp-block-heading\" id=\"enderecos\">Endere\u00e7os<\/h2>\n\n\n\n<p class=\"has-text-align-left has-white-color has-text-color\">Cl\u00ednica Particular<\/p>\n\n\n\n<div class=\"mapouter\"><div class=\"gmap_canvas\"><iframe loading=\"lazy\" width=\"700\" height=\"250\" id=\"gmap_canvas\" src=\"https:\/\/maps.google.com\/maps?q=Rua%20Dr.%20Bacelar,%20227&amp;t=&amp;z=13&amp;ie=UTF8&amp;iwloc=&amp;output=embed\" frameborder=\"0\" scrolling=\"no\" marginheight=\"0\" marginwidth=\"0\"><\/iframe><a href=\"https:\/\/getasearch.com\/nordvpn-coupon\/\"><\/a><br><style>.mapouter{position:relative;text-align:right;height:260px;width:700px;}<\/style><a href=\"https:\/\/www.embedgooglemap.net\">embedded google maps in website<\/a><style>.gmap_canvas {overflow:hidden;background:none!important;height:260px;width:700px;}<\/style><\/div><\/div>\n\n\n\n<p class=\"has-text-align-left has-white-color has-text-color\"><br>Atendimento pelo SUS<\/p>\n\n\n\n<div class=\"mapouter\"><div class=\"gmap_canvas\"><iframe loading=\"lazy\" width=\"700\" height=\"250\" id=\"gmap_canvas\" src=\"https:\/\/maps.google.com\/maps?q=Rua%20Botucatu,%20N%20821,%20S%C3%A3o%20Paulo&amp;t=&amp;z=13&amp;ie=UTF8&amp;iwloc=&amp;output=embed\" frameborder=\"0\" scrolling=\"no\" marginheight=\"0\" marginwidth=\"0\"><\/iframe><a href=\"https:\/\/getasearch.com\/nordvpn-coupon\/\"><\/a><br><style>.mapouter{position:relative;text-align:right;height:260px;width:700px;}<\/style><a href=\"https:\/\/www.embedgooglemap.net\">embedded google maps in website<\/a><style>.gmap_canvas {overflow:hidden;background:none!important;height:260px;width:700px;}<\/style><\/div><\/div>\n<\/div>\n<\/div>\n\n\n\n<p><a href=\"https:\/\/neurodisfuncao.med.br\/?page_id=26649\">Consulte nossa Pol\u00edtica de Privacidade<\/a><\/p>\n<\/div><\/div>\n\n\n\n<p><\/p>\n","protected":false},"excerpt":{"rendered":"<p>TEL + (11) 3938-6188 Whatsapp: (11) 98102-0372 ENDERE\u00c7O Rua Dr. Bacelar, 227 S\u00e3o Paulo &#8211; SP &#8211; CEP 04026-000 EMAIL contato@increasing.com.br recepcao@increasing.com.br SITE increasing.com.br TEL + (11) 5576-4848 ENDERE\u00c7O Rua Botucatu, N 821, 6\u00ba andar S\u00e3o Paulo &#8211; SP &#8211; CEP 04039-001<\/p>\n","protected":false},"author":1,"featured_media":0,"parent":0,"menu_order":0,"comment_status":"closed","ping_status":"closed","template":"","meta":{"footnotes":""},"class_list":["post-25267","page","type-page","status-publish","hentry"],"_links":{"self":[{"href":"https:\/\/neurodisfuncao.med.br\/index.php?rest_route=\/wp\/v2\/pages\/25267","targetHints":{"allow":["GET"]}}],"collection":[{"href":"https:\/\/neurodisfuncao.med.br\/index.php?rest_route=\/wp\/v2\/pages"}],"about":[{"href":"https:\/\/neurodisfuncao.med.br\/index.php?rest_route=\/wp\/v2\/types\/page"}],"author":[{"embeddable":true,"href":"https:\/\/neurodisfuncao.med.br\/index.php?rest_route=\/wp\/v2\/users\/1"}],"replies":[{"embeddable":true,"href":"https:\/\/neurodisfuncao.med.br\/index.php?rest_route=%2Fwp%2Fv2%2Fcomments&post=25267"}],"version-history":[{"count":31,"href":"https:\/\/neurodisfuncao.med.br\/index.php?rest_route=\/wp\/v2\/pages\/25267\/revisions"}],"predecessor-version":[{"id":26822,"href":"https:\/\/neurodisfuncao.med.br\/index.php?rest_route=\/wp\/v2\/pages\/25267\/revisions\/26822"}],"wp:attachment":[{"href":"https:\/\/neurodisfuncao.med.br\/index.php?rest_route=%2Fwp%2Fv2%2Fmedia&parent=25267"}],"curies":[{"name":"wp","href":"https:\/\/api.w.org\/{rel}","templated":true}]}}